{"id":317,"date":"2021-09-11T18:50:31","date_gmt":"2021-09-11T18:50:31","guid":{"rendered":"https:\/\/rentalhive.hivepress.io\/?page_id=8"},"modified":"2025-09-18T22:47:03","modified_gmt":"2025-09-19T01:47:03","slug":"home","status":"publish","type":"page","link":"https:\/\/destinosbuenosaires.com\/es\/","title":{"rendered":"Destinos"},"content":{"rendered":"\n<div class=\"wp-block-columns is-layout-flex wp-container-core-columns-is-layout-9d6595d7 wp-block-columns-is-layout-flex\">\n<div class=\"wp-block-column is-layout-flow wp-block-column-is-layout-flow\" style=\"flex-basis:60%\">\n<h1 class=\"wp-block-heading\">Alquila propiedades \u00fanicas y Sentite en casa.<\/h1>\n\n\n\n<p class=\"has-medium-font-size\">Alquil\u00e1 espacios pensados para viajeros que quieren comodidad, privacidad y una conexi\u00f3n aut\u00e9ntica con la ciudad.<\/p>\n\n\n\n<div style=\"height:16px\" aria-hidden=\"true\" class=\"wp-block-spacer\"><\/div>\n\n\n <\/div>\n<\/div>\n\n\n\n<!--more-->\n\n\n <form class=\"hp-form--wide hp-form--primary hp-block hp-form hp-form--listing-search\" action=\"https:\/\/destinosbuenosaires.com\/es\" method=\"GET\" data-component=\"form\"><div class=\"hp-form__messages\" data-component=\"messages\"><\/div><div class=\"hp-form__fields\"><input type=\"hidden\" name=\"post_type\" value=\"hp_listing\" class=\"hp-field hp-field--hidden\"><input type=\"hidden\" name=\"latitude\" value=\"\" data-coordinate=\"lat\" class=\"hp-field hp-field--hidden\"><input type=\"hidden\" name=\"longitude\" value=\"\" data-coordinate=\"lng\" class=\"hp-field hp-field--hidden\"><input type=\"hidden\" name=\"_region\" value=\"\" data-region=\"data-region\" class=\"hp-field hp-field--hidden\"><div class=\"hp-form__field hp-form__field--search\"><input type=\"search\" name=\"s\" value=\"\" placeholder=\"Keywords\" maxlength=\"256\" class=\"hp-field hp-field--search\"><\/div><div class=\"hp-form__field hp-form__field--location\"><div data-format=\"\" data-countries=\"[]\" data-region-types=\"[&quot;place&quot;,&quot;district&quot;,&quot;region&quot;,&quot;country&quot;]\" data-component=\"location\" class=\"hp-field hp-field--location\"><input type=\"text\" name=\"location\" value=\"\" autocomplete=\"off\" placeholder=\"Ubicaci\u00f3n\" maxlength=\"256\" class=\"hp-field hp-field--text\"><a href=\"#\" title=\"Local\u00edzame\"><i class=\"hp-icon fas fa-location-arrow\"><\/i><\/a><\/div><\/div><div class=\"hp-form__field hp-form__field--date-range\"><div class=\"hp-field hp-field--date-range\"><div data-mode=\"range\" data-min-length=\"0\" data-format=\"Y-m-d\" data-display-format=\"j F, Y\" data-offset=\"0\" data-options=\"{&quot;locale&quot;:{&quot;firstDayOfWeek&quot;:1}}\" data-component=\"date\" class=\"hp-field hp-field--date\"><input type=\"text\" name=\"\" value=\"\" data-input=\"\" placeholder=\"fechas\" minlength=\"0\" class=\"hp-field hp-field--text\"><a title=\"Clear\" data-clear><i class=\"hp-icon fas fa-times\"><\/i><\/a><\/div><input type=\"hidden\" name=\"_dates[]\" value=\"\" class=\"hp-field hp-field--hidden\"><input type=\"hidden\" name=\"_dates[]\" value=\"\" class=\"hp-field hp-field--hidden\"><\/div><\/div><div class=\"hp-form__field hp-form__field--select\"><select name=\"_category\" data-component=\"select\" class=\"hp-field hp-field--select\"><option value=\"\">All Categories<\/option><option value=\"43\">Casas<\/option><option value=\"33\">Departamentos<\/option><option value=\"48\">Hoteles<\/option><\/select><\/div><\/div><div class=\"hp-form__footer\"><button type=\"submit\" class=\"hp-form__button button-primary alt button hp-field hp-field--submit\"><span>Search<\/span><\/button><\/div><\/form>\n\n\n<h2 class=\"wp-block-heading has-text-align-center content-title\">Alojamientos populares<\/h2>\n\n\n\n<p class=\"has-text-align-center content-subtitle\">Consulte nuestras propiedades populares y mejor calificadas.<\/p>\n\n\n <div data-component=\"slider\" class=\"hp-listings--slider content-slider alignfull hp-listings hp-block hp-grid\" data-type=\"carousel\"><div class=\"hp-row\"><div class=\"hp-grid__item hp-col-sm-4 hp-col-xs-12\"><article class=\"hp-listing hp-listing--view-block\"><header class=\"hp-listing__header\">\t<div class=\"hp-listing__categories hp-listing__category\">\n\t\t\t\t\t<a href=\"https:\/\/destinosbuenosaires.com\/es\/listing-category\/departamentos\/\">Departamentos<\/a>\n\t\t\t<\/div>\n\t<div class=\"hp-listing__image\" data-component=\"carousel-slider\" data-preview=\"false\" data-aspect-ratio=\"\" data-url=\"https:\/\/destinosbuenosaires.com\/es\/listing\/acuna-960-almagro\/\">\n\t\t\t\t\t<img decoding=\"async\" src=\"https:\/\/destinosbuenosaires.com\/wp-content\/uploads\/2024\/03\/WhatsApp-Image-2023-10-14-at-13.54.34-2-400x300.jpeg\" alt=\"Dpto. Acu\u00f1a\" loading=\"lazy\">\n\t\t\t\t\t\t\t\t<img decoding=\"async\" src=\"https:\/\/destinosbuenosaires.com\/wp-content\/uploads\/2024\/03\/WhatsApp-Image-2023-10-14-at-13.54.33-400x300.jpeg\" alt=\"Dpto. Acu\u00f1a\" loading=\"lazy\">\n\t\t\t\t\t\t\t\t<img decoding=\"async\" src=\"https:\/\/destinosbuenosaires.com\/wp-content\/uploads\/2024\/03\/WhatsApp-Image-2023-10-14-at-13.54.34-400x300.jpeg\" alt=\"Dpto. Acu\u00f1a\" loading=\"lazy\">\n\t\t\t\t\t\t\t\t<img decoding=\"async\" src=\"https:\/\/destinosbuenosaires.com\/wp-content\/uploads\/2024\/03\/WhatsApp-Image-2023-10-14-at-13.54.35-400x300.jpeg\" alt=\"Dpto. Acu\u00f1a\" loading=\"lazy\">\n\t\t\t\t\t\t\t\t<img decoding=\"async\" src=\"https:\/\/destinosbuenosaires.com\/wp-content\/uploads\/2024\/03\/WhatsApp-Image-2023-10-14-at-13.54.36-1-400x300.jpeg\" alt=\"Dpto. Acu\u00f1a\" loading=\"lazy\">\n\t\t\t\t\t\t\t\t<img decoding=\"async\" src=\"https:\/\/destinosbuenosaires.com\/wp-content\/uploads\/2024\/03\/WhatsApp-Image-2023-10-14-at-13.54.36-400x300.jpeg\" alt=\"Dpto. Acu\u00f1a\" loading=\"lazy\">\n\t\t\t\t\t\t\t\t<img decoding=\"async\" src=\"https:\/\/destinosbuenosaires.com\/wp-content\/uploads\/2024\/03\/WhatsApp-Image-2023-11-04-at-10.24.14-400x300.jpeg\" alt=\"Dpto. Acu\u00f1a\" loading=\"lazy\">\n\t\t\t\t<\/div>\n<\/header><div class=\"hp-listing__content\"><h4 class=\"hp-listing__title\"><a href=\"https:\/\/destinosbuenosaires.com\/es\/listing\/acuna-960-almagro\/\">Dpto. Acu\u00f1a<\/a>\n<\/h4><div class=\"hp-listing__details hp-listing__details--primary\">\t<div class=\"hp-listing__location\">\n\t\t<i class=\"hp-icon fas fa-map-marker-alt\"><\/i>\n\t\t\t\t\t<a href=\"https:\/\/www.google.com\/maps\/search\/?api=1&#038;query=,\" target=\"_blank\">Francisco Acu\u00f1a de Figueroa 926<\/a>\n\t\t\t<\/div>\n\t<time class=\"hp-listing__created-date hp-listing__date hp-meta\" datetime=\"2024-03-17 17:49:33\">\n\tAdded on 17 marzo, 2024<\/time>\n<\/div><div class=\"hp-block hp-listing__attributes hp-listing__attributes--secondary\"><div class=\"hp-row\"><div class=\"hp-col-lg-6 hp-col-xs-12\"><div class=\"hp-listing__attribute hp-listing__attribute--square-footage\"><i class=\"hp-icon fas fa-fw fa-th-large\"><\/i> <strong>M2( Metros cuadrados)<\/strong>: 45<\/div><\/div><div class=\"hp-col-lg-6 hp-col-xs-12\"><div class=\"hp-listing__attribute hp-listing__attribute--bedrooms\"><i class=\"hp-icon fas fa-fw fa-bed\"><\/i> <strong>Dormitorios<\/strong>: 1<\/div><\/div><div class=\"hp-col-lg-6 hp-col-xs-12\"><div class=\"hp-listing__attribute hp-listing__attribute--bathrooms\"><i class=\"hp-icon fas fa-fw fa-bath\"><\/i> <strong>Ba\u00f1os<\/strong>: 1<\/div><\/div><div class=\"hp-col-lg-6 hp-col-xs-12\"><div class=\"hp-listing__attribute hp-listing__attribute--pets\"><i class=\"hp-icon fas fa-fw fa-paw\"><\/i> <strong>Mascotas<\/strong>: Not Allowed<\/div><\/div><\/div><\/div><\/div><footer class=\"hp-listing__footer\"><div class=\"hp-block hp-listing__attributes hp-listing__attributes--primary\"><div class=\"hp-listing__attribute hp-listing__attribute--price\">&#36;80.00\/d\u00eda<\/div><\/div><div class=\"hp-listing__actions hp-listing__actions--primary\"><a href=\"#user_login_modal\" title=\"Send Message\" class=\"hp-listing__action hp-listing__action--message\"><i class=\"hp-icon fas fa-comment\"><\/i><\/a>\n<a class=\"hp-listing__action hp-listing__action--favorite\" href=\"#user_login_modal\"><i class=\"hp-icon fas fa-heart\"><\/i><\/a><\/div><\/footer><\/article><\/div><\/div><\/div>\n\n\n<h2 class=\"wp-block-heading has-text-align-center content-title\">Categorias<\/h2>\n\n\n\n<p class=\"has-text-align-center content-subtitle\">Explora las categor\u00edas m\u00e1s populares.<\/p>\n\n\n <div class=\"hp-listing-categories hp-grid hp-block\"><div class=\"hp-row\"><div class=\"hp-grid__item hp-col-sm-4 hp-col-xs-12\"><article class=\"hp-listing-category hp-listing-category--view-block\"><header class=\"hp-listing-category__header\"><a href=\"https:\/\/destinosbuenosaires.com\/es\/listing-category\/casas\/\" class=\"hp-listing-category__image\" style=\"background-image:url(https:\/\/destinosbuenosaires.com\/wp-content\/uploads\/2024\/03\/cas-moderna2-400x400.jpg)\"><\/a>\n<div class=\"hp-listing-category__item-count hp-listing-category__count\">0 Listings<\/div>\n<\/header><div class=\"hp-listing-category__content\"><h3 class=\"hp-listing-category__name\"><a href=\"https:\/\/destinosbuenosaires.com\/es\/listing-category\/casas\/\">Casas<\/a>\n<\/h3><div class=\"hp-listing-category__details hp-listing-category__details--primary\"><\/div>\t<div class=\"hp-listing-category__description\">\u00a1Haz que tu viaje sea una experiencia inolvidable  hospedate en una de estas encantadoras casas!<\/div>\n\t<\/div><\/article><\/div><div class=\"hp-grid__item hp-col-sm-4 hp-col-xs-12\"><article class=\"hp-listing-category hp-listing-category--view-block\"><header class=\"hp-listing-category__header\"><a href=\"https:\/\/destinosbuenosaires.com\/es\/listing-category\/departamentos\/\" class=\"hp-listing-category__image\" style=\"background-image:url(https:\/\/destinosbuenosaires.com\/wp-content\/uploads\/2024\/03\/pexels-photo-6758773-400x400.webp)\"><\/a>\n<div class=\"hp-listing-category__item-count hp-listing-category__count\">1 Listing<\/div>\n<\/header><div class=\"hp-listing-category__content\"><h3 class=\"hp-listing-category__name\"><a href=\"https:\/\/destinosbuenosaires.com\/es\/listing-category\/departamentos\/\">Departamentos<\/a>\n<\/h3><div class=\"hp-listing-category__details hp-listing-category__details--primary\"><\/div>\t<div class=\"hp-listing-category__description\">Disfruta de tu propio espacio privado con cocina totalmente equipada, un momento  acogedor para sentirte como en casa.<\/div>\n\t<\/div><\/article><\/div><div class=\"hp-grid__item hp-col-sm-4 hp-col-xs-12\"><article class=\"hp-listing-category hp-listing-category--view-block\"><header class=\"hp-listing-category__header\"><a href=\"https:\/\/destinosbuenosaires.com\/es\/listing-category\/habitaciones\/\" class=\"hp-listing-category__image\" style=\"background-image:url(https:\/\/destinosbuenosaires.com\/wp-content\/uploads\/2021\/09\/image-14-400x400.jpg)\"><\/a>\n<div class=\"hp-listing-category__item-count hp-listing-category__count\">0 Listings<\/div>\n<\/header><div class=\"hp-listing-category__content\"><h3 class=\"hp-listing-category__name\"><a href=\"https:\/\/destinosbuenosaires.com\/es\/listing-category\/habitaciones\/\">Hoteles<\/a>\n<\/h3><div class=\"hp-listing-category__details hp-listing-category__details--primary\"><\/div>\t<div class=\"hp-listing-category__description\">Experimenta la hospitalidad de nuestros anfitriones, Descubre la calidez y la hospitalidad.<\/div>\n\t<\/div><\/article><\/div><\/div><\/div>\n\n\n<div class=\"wp-block-cover alignwide is-light content-section\"><img loading=\"lazy\" decoding=\"async\" width=\"1840\" height=\"508\" class=\"wp-block-cover__image-background wp-image-285\" alt=\"\" src=\"https:\/\/destinosbuenosaires.com\/wp-content\/uploads\/2021\/10\/image-35.png\" data-object-fit=\"cover\" srcset=\"https:\/\/destinosbuenosaires.com\/wp-content\/uploads\/2021\/10\/image-35.png 1840w, https:\/\/destinosbuenosaires.com\/wp-content\/uploads\/2021\/10\/image-35-300x83.png 300w, https:\/\/destinosbuenosaires.com\/wp-content\/uploads\/2021\/10\/image-35-1024x283.png 1024w, https:\/\/destinosbuenosaires.com\/wp-content\/uploads\/2021\/10\/image-35-768x212.png 768w, https:\/\/destinosbuenosaires.com\/wp-content\/uploads\/2021\/10\/image-35-1536x424.png 1536w, https:\/\/destinosbuenosaires.com\/wp-content\/uploads\/2021\/10\/image-35-600x166.png 600w\" sizes=\"auto, (max-width: 1840px) 100vw, 1840px\" \/><span aria-hidden=\"true\" class=\"wp-block-cover__background has-background-dim-0 has-background-dim\"><\/span><div class=\"wp-block-cover__inner-container is-layout-flow wp-block-cover-is-layout-flow\">\n<h2 class=\"wp-block-heading has-text-align-center content-title\">Como reservar<\/h2>\n\n\n\n<div class=\"wp-block-columns is-layout-flex wp-container-core-columns-is-layout-9d6595d7 wp-block-columns-is-layout-flex\">\n<div class=\"wp-block-column is-layout-flow wp-block-column-is-layout-flow\"> <div class=\"hp-feature\"><i class=\"hp-feature__icon fas fa-home\"><\/i><div class=\"hp-feature__caption hp-meta\">01<\/div><\/div>\n\n\n<h3 class=\"wp-block-heading has-text-align-center\">Encontrar una propiedad<\/h3>\n\n\n\n<p class=\"has-text-align-center\">Elije entre las opciones que mas                   se adapten a tus gustos. <\/p>\n<\/div>\n\n\n\n<div class=\"wp-block-column is-layout-flow wp-block-column-is-layout-flow\"> <div class=\"hp-feature\"><i class=\"hp-feature__icon fas fa-comment-dots\"><\/i><div class=\"hp-feature__caption hp-meta\">02<\/div><\/div>\n\n\n<h3 class=\"wp-block-heading has-text-align-center\">Consultar rese\u00f1as<\/h3>\n\n\n\n<p class=\"has-text-align-center\">Es bueno tener las opiniones y rese\u00f1as de huespedes que ya han tenido la oportunidad de una experiencia.<\/p>\n<\/div>\n\n\n\n<div class=\"wp-block-column is-layout-flow wp-block-column-is-layout-flow\"> <div class=\"hp-feature\"><i class=\"hp-feature__icon fas fa-calendar-check\"><\/i><div class=\"hp-feature__caption hp-meta\">03<\/div><\/div>\n\n\n<h3 class=\"wp-block-heading has-text-align-center\">Reserva una estancia<\/h3>\n\n\n\n<p class=\"has-text-align-center\">Una ves que todo este acorde con los pasos sugeridos, realiza la reserva y disfruta tu estadia. <\/p>\n<\/div>\n<\/div>\n\n\n\n<p class=\"has-text-align-center content-subtitle\">S\u00f3lo unos pocos pasos para reservar una estadia.<\/p>\n<\/div><\/div>\n\n\n\n<h2 class=\"wp-block-heading has-text-align-center content-title\">Conoce a nuestros anfitriones<\/h2>\n\n\n\n<p class=\"has-text-align-center content-subtitle\">Nuestros anfitriones m\u00e1s confiables y experimentados.<\/p>\n\n\n <div class=\"hp-vendors hp-block hp-grid\"><div class=\"hp-row\"><div class=\"hp-grid__item hp-col-sm-4 hp-col-xs-12\"><article class=\"hp-vendor hp-vendor--view-block\"><header class=\"hp-vendor__header\"><div class=\"hp-vendor__image\">\n\t<a href=\"https:\/\/destinosbuenosaires.com\/es\/host\/peralta_fatimaa\/\">\n\t\t\t\t\t<img decoding=\"async\" src=\"https:\/\/destinosbuenosaires.com\/wp-content\/uploads\/2024\/09\/16955583-400x400.jpg\" alt=\"Rosedal Suite\" loading=\"lazy\">\n\t\t\t<\/a>\n<\/div>\n<\/header><div class=\"hp-vendor__content\"><h4 class=\"hp-vendor__name\"><a href=\"https:\/\/destinosbuenosaires.com\/es\/host\/peralta_fatimaa\/\">Rosedal Suite<\/a>\n<\/h4><div class=\"hp-vendor__details hp-vendor__details--primary\">\t<div class=\"hp-vendor__location hp-listing__location\">\n\t\t<i class=\"hp-icon fas fa-map-marker-alt\"><\/i>\n\t\t\t\t\t<a href=\"https:\/\/www.google.com\/maps\/search\/?api=1&#038;query=,\" target=\"_blank\">Godoy cruz 2888<\/a>\n\t\t\t<\/div>\n\t<time class=\"hp-vendor__registered-date hp-vendor__date hp-meta\" datetime=\"2024-09-04 22:42:48\">\n\tMember since 4 septiembre, 2024<\/time>\n<\/div><div class=\"hp-block hp-vendor__attributes hp-vendor__attributes--secondary\"><div class=\"hp-row\"><div class=\"hp-col-lg-6 hp-col-xs-12\"><div class=\"hp-vendor__attribute hp-vendor__attribute--languages\"><i class=\"hp-icon fas fa-fw fa-language\"><\/i> <strong>Languages<\/strong>: Spanish<\/div><\/div><\/div><\/div><\/div><footer class=\"hp-vendor__footer\"><div class=\"hp-block hp-vendor__attributes hp-vendor__attributes--primary\"><div class=\"hp-vendor__attribute hp-vendor__attribute--listing-count\">1 Listings<\/div><\/div><div class=\"hp-vendor__actions hp-vendor__actions--primary\"><a href=\"#user_login_modal\" title=\"Send Message\" class=\"hp-vendor__action hp-vendor__action--message\"><i class=\"hp-icon fas fa-comment\"><\/i><\/a>\n<\/div><\/footer><\/article><\/div><div class=\"hp-grid__item hp-col-sm-4 hp-col-xs-12\"><article class=\"hp-vendor hp-vendor--view-block\"><header class=\"hp-vendor__header\"><div class=\"hp-vendor__image\">\n\t<a href=\"https:\/\/destinosbuenosaires.com\/es\/host\/destinobuenosaires-adm\/\">\n\t\t\t\t\t<img decoding=\"async\" src=\"https:\/\/destinosbuenosaires.com\/wp-content\/uploads\/2024\/03\/istockphoto-994645866-612x612-1-400x400.jpg\" alt=\"Destinos Buenos Aires\" loading=\"lazy\">\n\t\t\t<\/a>\n<\/div>\n<\/header><div class=\"hp-vendor__content\"><h4 class=\"hp-vendor__name\"><a href=\"https:\/\/destinosbuenosaires.com\/es\/host\/destinobuenosaires-adm\/\">Destinos Buenos Aires<\/a>\n\t<i class=\"hp-vendor__verified-badge hp-icon fas fa-check-circle\" title=\"Verified\"><\/i>\n\t<\/h4><div class=\"hp-vendor__details hp-vendor__details--primary\"><time class=\"hp-vendor__registered-date hp-vendor__date hp-meta\" datetime=\"2024-03-17 11:27:49\">\n\tMember since 17 marzo, 2024<\/time>\n<\/div><div class=\"hp-block hp-vendor__attributes hp-vendor__attributes--secondary\"><div class=\"hp-row\"><div class=\"hp-col-lg-6 hp-col-xs-12\"><div class=\"hp-vendor__attribute hp-vendor__attribute--languages\"><i class=\"hp-icon fas fa-fw fa-language\"><\/i> <strong>Languages<\/strong>: Spanish<\/div><\/div><\/div><\/div><\/div><footer class=\"hp-vendor__footer\"><div class=\"hp-block hp-vendor__attributes hp-vendor__attributes--primary\"><div class=\"hp-vendor__attribute hp-vendor__attribute--listing-count\">3 Listings<\/div><\/div><div class=\"hp-vendor__actions hp-vendor__actions--primary\"><a href=\"#user_login_modal\" title=\"Send Message\" class=\"hp-vendor__action hp-vendor__action--message\"><i class=\"hp-icon fas fa-comment\"><\/i><\/a>\n<\/div><\/footer><\/article><\/div><\/div><\/div>\n\n\n<h2 class=\"wp-block-heading has-text-align-center content-title\">Opiniones destacadas<\/h2>\n\n\n\n<p class=\"has-text-align-center content-subtitle\">Comentarios de nuestros hu\u00e9spedes y anfitriones.<\/p>\n\n\n <div data-component=\"slider\" class=\"hp-testimonials--slider content-slider alignfull hp-testimonials hp-block hp-grid\"><div class=\"hp-row\"><div class=\"hp-grid__item hp-col-sm-12 hp-col-xs-12\"><div class=\"hp-testimonial hp-testimonial--view-block\"><div class=\"hp-testimonial__image\" style=\"background-image:url(https:\/\/destinosbuenosaires.com\/wp-content\/uploads\/2021\/09\/Imagen1-779x600.webp)\"><\/div>\n<div class=\"hp-testimonial__content\">\t<div class=\"hp-testimonial__text\"><p>\u00a1Hola,\u00a0 \ud83c\udf1f.Desde el momento en que llegu\u00e9, me sent\u00ed como en casa.\ud83d\udecf\ufe0f\u2728Yo ya estoy planeando mi pr\u00f3xima visita! \ud83c\udf1f\ud83d\udcab<\/p>\n<\/div>\n\t<div class=\"hp-testimonial__summary\">\t<h4 class=\"hp-testimonial__author\">\n\t\tSandra Shenfeld\t<\/h4>\n\t\t<div class=\"hp-testimonial__position hp-meta\">Frequent Traveler<\/div>\n\t<\/div><\/div><\/div><\/div><div class=\"hp-grid__item hp-col-sm-12 hp-col-xs-12\"><div class=\"hp-testimonial hp-testimonial--view-block\"><div class=\"hp-testimonial__image\" style=\"background-image:url(https:\/\/destinosbuenosaires.com\/wp-content\/uploads\/2021\/09\/IMAGEN2-779x600.webp)\"><\/div>\n<div class=\"hp-testimonial__content\">\t<div class=\"hp-testimonial__text\"><p>Me senti como en casa, la verdad la pase muy bien, lo mas importante es el trato que tuvieron conmigo, han sido muy atentos!<\/p>\n<\/div>\n\t<div class=\"hp-testimonial__summary\">\t<h4 class=\"hp-testimonial__author\">\n\t\tMarta Saenz\t<\/h4>\n\t\t<div class=\"hp-testimonial__position hp-meta\">Verified Host<\/div>\n\t<\/div><\/div><\/div><\/div><div class=\"hp-grid__item hp-col-sm-12 hp-col-xs-12\"><div class=\"hp-testimonial hp-testimonial--view-block\"><div class=\"hp-testimonial__image\" style=\"background-image:url(https:\/\/destinosbuenosaires.com\/wp-content\/uploads\/2021\/09\/IMAGEN5-779x600.webp)\"><\/div>\n<div class=\"hp-testimonial__content\">\t<div class=\"hp-testimonial__text\"><p>La idea de obtener ayuda en las reservas es genial, muchas veces debo buscar mil opciones en diferentes lugares, ahora todo fue muy facil!!<\/p>\n<\/div>\n\t<div class=\"hp-testimonial__summary\">\t<h4 class=\"hp-testimonial__author\">\n\t\tFernado Vasquez\t<\/h4>\n\t\t<div class=\"hp-testimonial__position hp-meta\">Verified Host<\/div>\n\t<\/div><\/div><\/div><\/div><\/div><\/div>\n\n\n<h2 class=\"wp-block-heading has-text-align-center content-title\">Proximamente blog<\/h2>\n\n\n\n<p class=\"has-text-align-center content-subtitle\">Lea los art\u00edculos m\u00e1s recientes de nuestro blog.<\/p>\n\n\n\n<div class=\"wp-block-cover alignwide is-light content-section\"><img loading=\"lazy\" decoding=\"async\" width=\"1840\" height=\"508\" class=\"wp-block-cover__image-background wp-image-287\" alt=\"\" src=\"https:\/\/destinosbuenosaires.com\/wp-content\/uploads\/2021\/10\/image-36.png\" data-object-fit=\"cover\" srcset=\"https:\/\/destinosbuenosaires.com\/wp-content\/uploads\/2021\/10\/image-36.png 1840w, https:\/\/destinosbuenosaires.com\/wp-content\/uploads\/2021\/10\/image-36-300x83.png 300w, https:\/\/destinosbuenosaires.com\/wp-content\/uploads\/2021\/10\/image-36-1024x283.png 1024w, https:\/\/destinosbuenosaires.com\/wp-content\/uploads\/2021\/10\/image-36-768x212.png 768w, https:\/\/destinosbuenosaires.com\/wp-content\/uploads\/2021\/10\/image-36-1536x424.png 1536w, https:\/\/destinosbuenosaires.com\/wp-content\/uploads\/2021\/10\/image-36-600x166.png 600w\" sizes=\"auto, (max-width: 1840px) 100vw, 1840px\" \/><span aria-hidden=\"true\" class=\"wp-block-cover__background has-background-dim-0 has-background-dim\"><\/span><div class=\"wp-block-cover__inner-container is-layout-flow wp-block-cover-is-layout-flow\">\n<div class=\"wp-block-columns is-layout-flex wp-container-core-columns-is-layout-9d6595d7 wp-block-columns-is-layout-flex\">\n<div class=\"wp-block-column content-column is-layout-flow wp-block-column-is-layout-flow\"> <div class=\"hp-feature\"><i class=\"hp-feature__icon fas fa-key\"><\/i><\/div>\n\n\n<h2 class=\"wp-block-heading has-text-align-center\">Alquilar una propiedad<\/h2>\n\n\n\n<p class=\"has-text-align-center\">Busca entre las opciones mas destacadas y comienza una experiencia unica. <\/p>\n\n\n\n<div style=\"height:16px\" aria-hidden=\"true\" class=\"wp-block-spacer\"><\/div>\n\n\n\n<div class=\"wp-block-buttons is-horizontal is-content-justification-center is-layout-flex wp-container-core-buttons-is-layout-499968f5 wp-block-buttons-is-layout-flex\">\n<div class=\"wp-block-button is-style-primary\"><a class=\"wp-block-button__link wp-element-button\" href=\"https:\/\/destinosbuenosaires.com\/?page_id=15\">Encontrar Hospedaje<\/a><\/div>\n<\/div>\n<\/div>\n\n\n\n<div class=\"wp-block-column content-column is-layout-flow wp-block-column-is-layout-flow\"> <div class=\"hp-feature\"><i class=\"hp-feature__icon fas fa-home\"><\/i><\/div>\n\n\n<h2 class=\"wp-block-heading has-text-align-center\">Convi\u00e9rtete en anfitri\u00f3n<\/h2>\n\n\n\n<p class=\"has-text-align-center\">Si tienes una propiedad, puedes formar parte de nuestro gran familia, puedes unirte hoy mismo.<\/p>\n\n\n\n<div style=\"height:16px\" aria-hidden=\"true\" class=\"wp-block-spacer\"><\/div>\n\n\n\n<div class=\"wp-block-buttons is-horizontal is-content-justification-center is-layout-flex wp-container-core-buttons-is-layout-499968f5 wp-block-buttons-is-layout-flex\">\n<div class=\"wp-block-button is-style-secondary\"><a class=\"wp-block-button__link wp-element-button\" href=\"https:\/\/destinosbuenosaires.com\/?page_id=8\">Ser Anfitrion<\/a><\/div>\n<\/div>\n<\/div>\n<\/div>\n<\/div><\/div>\n","protected":false},"excerpt":{"rendered":"<p>Alquila propiedades \u00fanicas y Sentite en casa. Alquil\u00e1 espacios pensados para viajeros que quieren comodidad, privacidad y una conexi\u00f3n aut\u00e9ntica con la ciudad.<\/p>","protected":false},"author":1,"featured_media":0,"parent":0,"menu_order":0,"comment_status":"closed","ping_status":"closed","template":"","meta":{"om_disable_all_campaigns":false,"wp_mapbox_gl_js_media":[],"_monsterinsights_skip_tracking":false,"_monsterinsights_sitenote_active":false,"_monsterinsights_sitenote_note":"","_monsterinsights_sitenote_category":0,"footnotes":""},"class_list":["post-317","page","type-page","status-publish","hentry"],"aioseo_notices":[],"_links":{"self":[{"href":"https:\/\/destinosbuenosaires.com\/es\/wp-json\/wp\/v2\/pages\/317","targetHints":{"allow":["GET"]}}],"collection":[{"href":"https:\/\/destinosbuenosaires.com\/es\/wp-json\/wp\/v2\/pages"}],"about":[{"href":"https:\/\/destinosbuenosaires.com\/es\/wp-json\/wp\/v2\/types\/page"}],"author":[{"embeddable":true,"href":"https:\/\/destinosbuenosaires.com\/es\/wp-json\/wp\/v2\/users\/1"}],"replies":[{"embeddable":true,"href":"https:\/\/destinosbuenosaires.com\/es\/wp-json\/wp\/v2\/comments?post=317"}],"version-history":[{"count":27,"href":"https:\/\/destinosbuenosaires.com\/es\/wp-json\/wp\/v2\/pages\/317\/revisions"}],"predecessor-version":[{"id":684,"href":"https:\/\/destinosbuenosaires.com\/es\/wp-json\/wp\/v2\/pages\/317\/revisions\/684"}],"wp:attachment":[{"href":"https:\/\/destinosbuenosaires.com\/es\/wp-json\/wp\/v2\/media?parent=317"}],"curies":[{"name":"wp","href":"https:\/\/api.w.org\/{rel}","templated":true}]}}